{"id":101419,"date":"2023-05-09T09:08:50","date_gmt":"2023-05-09T09:08:50","guid":{"rendered":"https:\/\/fit-for-design.com\/ffd\/?page_id=101419"},"modified":"2023-05-19T08:39:55","modified_gmt":"2023-05-19T08:39:55","slug":"services","status":"publish","type":"page","link":"https:\/\/fit-for-design.com\/ffd\/services\/","title":{"rendered":"Leistungen"},"content":{"rendered":"<div class=\"wpb-content-wrapper\"><p>[vc_row row_height_percent=&#8220;0&#8243; override_padding=&#8220;yes&#8220; h_padding=&#8220;2&#8243; top_padding=&#8220;5&#8243; bottom_padding=&#8220;0&#8243; back_color=&#8220;accent&#8220; back_image=&#8220;1418&#8243; overlay_color=&#8220;accent&#8220; overlay_alpha=&#8220;80&#8243; equal_height=&#8220;yes&#8220; gutter_size=&#8220;4&#8243; column_width_percent=&#8220;100&#8243; shift_y=&#8220;0&#8243; z_index=&#8220;0&#8243; enable_top_divider=&#8220;default&#8220; top_divider_inv=&#8220;tilt-opacity&#8220; shape_top_invert=&#8220;yes&#8220; shape_top_h_use_pixel=&#8220;true&#8220; shape_top_height_percent=&#8220;33&#8243; shape_top_opacity=&#8220;50&#8243; shape_top_index=&#8220;0&#8243; shape_top_responsive=&#8220;yes&#8220; shape_top_mobile_hide=&#8220;yes&#8220; enable_bottom_divider=&#8220;default&#8220; bottom_divider=&#8220;tilt-opacity&#8220; shape_bottom_flip=&#8220;yes&#8220; shape_bottom_h_use_pixel=&#8220;true&#8220; shape_bottom_height_percent=&#8220;33&#8243; shape_bottom_opacity=&#8220;100&#8243; shape_bottom_index=&#8220;1&#8243; row_name=&#8220;Sample 6&#8243; el_class=&#8220;inverted-device-order&#8220;][vc_column column_width_percent=&#8220;100&#8243; position_vertical=&#8220;bottom&#8220; gutter_size=&#8220;3&#8243; overlay_alpha=&#8220;50&#8243; shift_x=&#8220;0&#8243; shift_y=&#8220;0&#8243; shift_y_down=&#8220;0&#8243; z_index=&#8220;0&#8243; medium_width=&#8220;4&#8243; mobile_width=&#8220;0&#8243; width=&#8220;1\/2&#8243;][vc_single_image media=&#8220;101531&#8243; media_width_use_pixel=&#8220;yes&#8220; media_ratio=&#8220;nine-sixteen&#8220; alignment=&#8220;right&#8220; media_width_pixel=&#8220;540&#8243; uncode_shortcode_id=&#8220;993011&#8243;][\/vc_column][vc_column column_width_percent=&#8220;100&#8243; position_vertical=&#8220;middle&#8220; gutter_size=&#8220;3&#8243; style=&#8220;dark&#8220; overlay_alpha=&#8220;50&#8243; shift_x=&#8220;0&#8243; shift_y=&#8220;0&#8243; shift_y_down=&#8220;0&#8243; z_index=&#8220;1&#8243; medium_width=&#8220;4&#8243; align_mobile=&#8220;align_center_mobile&#8220; mobile_width=&#8220;0&#8243; width=&#8220;1\/2&#8243;][vc_custom_heading heading_semantic=&#8220;h3&#8243; text_size=&#8220;fontsize-155944&#8243; uncode_shortcode_id=&#8220;162341&#8243;]Ihre W\u00fcnsche &#8211; Unser Service[\/vc_custom_heading][vc_column_text text_lead=&#8220;yes&#8220; text_color=&#8220;color-wayh&#8220; uncode_shortcode_id=&#8220;197765&#8243; text_color_type=&#8220;uncode-palette&#8220;]Als Full Service-Design Agentur sind wir darauf spezialisiert, die unterschiedlichsten W\u00fcnsche und Anforderungen unserer Kunden in individuelle und kreative L\u00f6sungen umzusetzen.[\/vc_column_text][vc_empty_space empty_h=&#8220;2&#8243; mobile_visibility=&#8220;yes&#8220;][\/vc_column][\/vc_row][vc_row unlock_row_content=&#8220;yes&#8220; row_height_percent=&#8220;0&#8243; override_padding=&#8220;yes&#8220; h_padding=&#8220;2&#8243; top_padding=&#8220;5&#8243; bottom_padding=&#8220;5&#8243; overlay_alpha=&#8220;50&#8243; gutter_size=&#8220;4&#8243; column_width_use_pixel=&#8220;yes&#8220; shift_y=&#8220;0&#8243; z_index=&#8220;0&#8243; el_class=&#8220;inverted-device-order&#8220; column_width_pixel=&#8220;1600&#8243; uncode_shortcode_id=&#8220;205236&#8243; row_name=&#8220;webdesign&#8220;][vc_column column_width_percent=&#8220;100&#8243; position_vertical=&#8220;middle&#8220; gutter_size=&#8220;3&#8243; overlay_alpha=&#8220;50&#8243; shift_x=&#8220;0&#8243; shift_y=&#8220;0&#8243; shift_y_down=&#8220;0&#8243; z_index=&#8220;0&#8243; medium_width=&#8220;0&#8243; mobile_width=&#8220;0&#8243; width=&#8220;5\/12&#8243;][vc_custom_heading text_color=&#8220;color-182492&#8243; heading_semantic=&#8220;h3&#8243; text_size=&#8220;fontsize-155944&#8243; uncode_shortcode_id=&#8220;114077&#8243; text_color_type=&#8220;uncode-palette&#8220;]Web-Design[\/vc_custom_heading][vc_column_text uncode_shortcode_id=&#8220;148339&#8243;]Technik-neutral k\u00f6nnen wir Sie beraten, welche Internettechnologie und welcher Provider f\u00fcr Sie die beste L\u00f6sung sind.<\/p>\n<p>Entsprechend Ihren W\u00fcnschen und Anforderungen schauen wir, ob WordPress, TYPO3, JOOMLA!, Drupal, Magento, Neos, &#8230; die f\u00fcr Sie geeignetste L\u00f6sung bietet.<\/p>\n<p>Unsere Spezialisten in Programmierung und Gestaltung setzen diese dann f\u00fcr Sie kreativ und innovativ um.[\/vc_column_text][vc_button button_color=&#8220;accent&#8220; border_width=&#8220;0&#8243; link=&#8220;url:https%3A%2F%2Ffit-for-design.com%2Fffd%2Fportfolio-boxed-square%3Fid%3Dindex-1123932755%26ucat%3D59|title:Digitales&#8220; button_color_type=&#8220;uncode-palette&#8220; uncode_shortcode_id=&#8220;125129&#8243;]zum Portfolio[\/vc_button][\/vc_column][vc_column width=&#8220;7\/12&#8243;][vc_single_image media=&#8220;1010&#8243; media_width_percent=&#8220;100&#8243; media_ratio=&#8220;four-three&#8220; uncode_shortcode_id=&#8220;155755&#8243;][\/vc_column][\/vc_row][vc_row unlock_row_content=&#8220;yes&#8220; row_height_percent=&#8220;0&#8243; override_padding=&#8220;yes&#8220; h_padding=&#8220;2&#8243; top_padding=&#8220;5&#8243; bottom_padding=&#8220;5&#8243; overlay_alpha=&#8220;50&#8243; gutter_size=&#8220;4&#8243; column_width_use_pixel=&#8220;yes&#8220; shift_y=&#8220;0&#8243; z_index=&#8220;0&#8243; column_width_pixel=&#8220;1600&#8243; uncode_shortcode_id=&#8220;174991&#8243; row_name=&#8220;logodesign&#8220;][vc_column width=&#8220;7\/12&#8243;][vc_single_image media=&#8220;1017&#8243; media_width_percent=&#8220;100&#8243; media_ratio=&#8220;four-three&#8220; uncode_shortcode_id=&#8220;686184&#8243;][\/vc_column][vc_column column_width_percent=&#8220;100&#8243; position_vertical=&#8220;middle&#8220; gutter_size=&#8220;3&#8243; overlay_alpha=&#8220;50&#8243; shift_x=&#8220;0&#8243; shift_y=&#8220;0&#8243; shift_y_down=&#8220;0&#8243; z_index=&#8220;0&#8243; medium_width=&#8220;0&#8243; mobile_width=&#8220;0&#8243; width=&#8220;5\/12&#8243;][vc_custom_heading text_color=&#8220;color-182492&#8243; heading_semantic=&#8220;h3&#8243; text_size=&#8220;fontsize-155944&#8243; uncode_shortcode_id=&#8220;207756&#8243; text_color_type=&#8220;uncode-palette&#8220;]Logo-Design[\/vc_custom_heading][vc_column_text uncode_shortcode_id=&#8220;122734&#8243;]Ein einpr\u00e4gsames und markantes Logo ist wichtig, um beim Adressaten einen bleibenden positiven Eindruck zu hinterlassen.[\/vc_column_text][vc_button button_color=&#8220;accent&#8220; border_width=&#8220;0&#8243; link=&#8220;url:https%3A%2F%2Ffit-for-design.com%2Fffd%2Fportfolio-boxed-square%3Fid%3Dindex-1123932755%26ucat%3D60|title:Logisches&#8220; button_color_type=&#8220;uncode-palette&#8220; uncode_shortcode_id=&#8220;102207&#8243;]zum Portfolio[\/vc_button][\/vc_column][\/vc_row][vc_row unlock_row_content=&#8220;yes&#8220; row_height_percent=&#8220;0&#8243; override_padding=&#8220;yes&#8220; h_padding=&#8220;2&#8243; top_padding=&#8220;5&#8243; bottom_padding=&#8220;5&#8243; overlay_alpha=&#8220;50&#8243; gutter_size=&#8220;4&#8243; column_width_use_pixel=&#8220;yes&#8220; shift_y=&#8220;0&#8243; z_index=&#8220;0&#8243; el_class=&#8220;inverted-device-order&#8220; column_width_pixel=&#8220;1600&#8243; uncode_shortcode_id=&#8220;294508&#8243; row_name=&#8220;grafikdesign&#8220;][vc_column column_width_percent=&#8220;100&#8243; position_vertical=&#8220;middle&#8220; gutter_size=&#8220;3&#8243; overlay_alpha=&#8220;50&#8243; shift_x=&#8220;0&#8243; shift_y=&#8220;0&#8243; shift_y_down=&#8220;0&#8243; z_index=&#8220;0&#8243; medium_width=&#8220;0&#8243; mobile_width=&#8220;0&#8243; width=&#8220;5\/12&#8243;][vc_custom_heading text_color=&#8220;color-182492&#8243; heading_semantic=&#8220;h3&#8243; text_size=&#8220;fontsize-155944&#8243; uncode_shortcode_id=&#8220;838676&#8243; text_color_type=&#8220;uncode-palette&#8220;]Grafik-Design[\/vc_custom_heading][vc_column_text uncode_shortcode_id=&#8220;109497&#8243;]Wir gestalten Druckerzeugnisse aller Art: auf Papier, Kartonagen, Verpackungen, Metall, Kunststoff, Leder, Kork, Glas, &#8230;[\/vc_column_text][vc_button button_color=&#8220;accent&#8220; border_width=&#8220;0&#8243; link=&#8220;url:https%3A%2F%2Ffit-for-design.com%2Fffd%2Fportfolio-boxed-square%3Fid%3Dindex-1123932755%26ucat%3D61|title:Gedrucktes&#8220; button_color_type=&#8220;uncode-palette&#8220; uncode_shortcode_id=&#8220;198285&#8243;]zum Portfolio[\/vc_button][\/vc_column][vc_column width=&#8220;7\/12&#8243;][vc_single_image media=&#8220;101258&#8243; media_width_percent=&#8220;100&#8243; media_ratio=&#8220;four-three&#8220; uncode_shortcode_id=&#8220;195551&#8243;][\/vc_column][\/vc_row][vc_row unlock_row_content=&#8220;yes&#8220; row_height_percent=&#8220;0&#8243; override_padding=&#8220;yes&#8220; h_padding=&#8220;2&#8243; top_padding=&#8220;5&#8243; bottom_padding=&#8220;5&#8243; overlay_alpha=&#8220;50&#8243; gutter_size=&#8220;4&#8243; column_width_use_pixel=&#8220;yes&#8220; shift_y=&#8220;0&#8243; z_index=&#8220;0&#8243; column_width_pixel=&#8220;1600&#8243; uncode_shortcode_id=&#8220;502145&#8243; row_name=&#8220;illustrationen&#8220;][vc_column width=&#8220;7\/12&#8243;][vc_single_image media=&#8220;101534&#8243; media_width_percent=&#8220;100&#8243; media_ratio=&#8220;four-three&#8220; uncode_shortcode_id=&#8220;155648&#8243;][\/vc_column][vc_column column_width_percent=&#8220;100&#8243; position_vertical=&#8220;middle&#8220; gutter_size=&#8220;3&#8243; overlay_alpha=&#8220;50&#8243; shift_x=&#8220;0&#8243; shift_y=&#8220;0&#8243; shift_y_down=&#8220;0&#8243; z_index=&#8220;0&#8243; medium_width=&#8220;0&#8243; mobile_width=&#8220;0&#8243; width=&#8220;5\/12&#8243;][vc_custom_heading text_color=&#8220;color-182492&#8243; heading_semantic=&#8220;h3&#8243; text_size=&#8220;fontsize-155944&#8243; uncode_shortcode_id=&#8220;251639&#8243; text_color_type=&#8220;uncode-palette&#8220;]Illustrationen[\/vc_custom_heading][vc_column_text uncode_shortcode_id=&#8220;163022&#8243;]Illustrationen als Erkl\u00e4r-Comics oder technische Veranschaulichungen in unterschiedlichen Zeichenstilen, handgezeichnet, computergeneriert oder in Mischtechnik[\/vc_column_text][vc_button button_color=&#8220;accent&#8220; border_width=&#8220;0&#8243; link=&#8220;url:https%3A%2F%2Ffit-for-design.com%2Fffd%2Fportfolio-boxed-square%3Fid%3Dindex-1123932755%26ucat%3D62|title:Produziertes&#8220; button_color_type=&#8220;uncode-palette&#8220; uncode_shortcode_id=&#8220;188318&#8243;]zum Portfolio[\/vc_button][\/vc_column][\/vc_row][vc_row unlock_row_content=&#8220;yes&#8220; row_height_percent=&#8220;0&#8243; override_padding=&#8220;yes&#8220; h_padding=&#8220;2&#8243; top_padding=&#8220;5&#8243; bottom_padding=&#8220;5&#8243; overlay_alpha=&#8220;50&#8243; gutter_size=&#8220;4&#8243; column_width_use_pixel=&#8220;yes&#8220; shift_y=&#8220;0&#8243; z_index=&#8220;0&#8243; el_class=&#8220;inverted-device-order&#8220; column_width_pixel=&#8220;1600&#8243; uncode_shortcode_id=&#8220;666037&#8243; row_name=&#8220;sondererzeugnisse&#8220;][vc_column column_width_percent=&#8220;100&#8243; position_vertical=&#8220;middle&#8220; gutter_size=&#8220;3&#8243; overlay_alpha=&#8220;50&#8243; shift_x=&#8220;0&#8243; shift_y=&#8220;0&#8243; shift_y_down=&#8220;0&#8243; z_index=&#8220;0&#8243; medium_width=&#8220;0&#8243; mobile_width=&#8220;0&#8243; width=&#8220;5\/12&#8243;][vc_custom_heading text_color=&#8220;color-182492&#8243; heading_semantic=&#8220;h3&#8243; text_size=&#8220;fontsize-155944&#8243; uncode_shortcode_id=&#8220;120184&#8243; text_color_type=&#8220;uncode-palette&#8220;]Sondererzeugnisse[\/vc_custom_heading][vc_column_text uncode_shortcode_id=&#8220;194792&#8243;]Sie m\u00f6chten etwas Besonderes? F\u00fcr Ihre Kunden, f\u00fcr Ihren Messeauftritt, f\u00fcr Ihr Team\/Ihre Mitarbeitenden?<\/p>\n<p>Wir haben bereits die unterschiedlichsten Dinge f\u00fcr unsere Kunden gestaltet und produzieren lassen.<\/p>\n<p>Handouts, Incentives, Textilien, Ungew\u00f6hnliches: es ist nahezu alles machbar.[\/vc_column_text][vc_button button_color=&#8220;accent&#8220; border_width=&#8220;0&#8243; link=&#8220;url:https%3A%2F%2Ffit-for-design.com%2Fffd%2Fportfolio-boxed-square%3Fid%3Dindex-1123932755%26ucat%3D63|title:Besonderes&#8220; button_color_type=&#8220;uncode-palette&#8220; uncode_shortcode_id=&#8220;513904&#8243;]zum Portfolio[\/vc_button][\/vc_column][vc_column width=&#8220;7\/12&#8243;][vc_single_image media=&#8220;101380&#8243; media_width_percent=&#8220;100&#8243; media_ratio=&#8220;four-three&#8220; uncode_shortcode_id=&#8220;214043&#8243;][\/vc_column][\/vc_row][vc_row unlock_row_content=&#8220;yes&#8220; row_height_percent=&#8220;0&#8243; override_padding=&#8220;yes&#8220; h_padding=&#8220;2&#8243; top_padding=&#8220;5&#8243; bottom_padding=&#8220;5&#8243; overlay_alpha=&#8220;50&#8243; gutter_size=&#8220;4&#8243; column_width_use_pixel=&#8220;yes&#8220; shift_y=&#8220;0&#8243; z_index=&#8220;0&#8243; column_width_pixel=&#8220;1600&#8243; uncode_shortcode_id=&#8220;217252&#8243; row_name=&#8220;produktdesign&#8220;][vc_column width=&#8220;7\/12&#8243;][vc_single_image media=&#8220;978&#8243; media_width_percent=&#8220;100&#8243; media_ratio=&#8220;four-three&#8220; uncode_shortcode_id=&#8220;354717&#8243;][\/vc_column][vc_column column_width_percent=&#8220;100&#8243; position_vertical=&#8220;middle&#8220; gutter_size=&#8220;3&#8243; overlay_alpha=&#8220;50&#8243; shift_x=&#8220;0&#8243; shift_y=&#8220;0&#8243; shift_y_down=&#8220;0&#8243; z_index=&#8220;0&#8243; medium_width=&#8220;0&#8243; mobile_width=&#8220;0&#8243; width=&#8220;5\/12&#8243;][vc_custom_heading text_color=&#8220;color-182492&#8243; heading_semantic=&#8220;h3&#8243; text_size=&#8220;fontsize-155944&#8243; uncode_shortcode_id=&#8220;238275&#8243; text_color_type=&#8220;uncode-palette&#8220;]Produkt-Design[\/vc_custom_heading][vc_column_text uncode_shortcode_id=&#8220;124315&#8243;]Wir gestalten Produkte f\u00fcr diverse Branchen: z.B. Wohnm\u00f6bel, B\u00fcrom\u00f6bel, Sitzm\u00f6bel, Werkzeuge, Freizeitartikel, Unterhaltungselektronik, Sanit\u00e4rkeramik, Schmuck,&#8230;[\/vc_column_text][vc_button button_color=&#8220;accent&#8220; border_width=&#8220;0&#8243; link=&#8220;url:https%3A%2F%2Ffit-for-design.com%2Fffd%2Fportfolio-boxed-square%3Fid%3Dindex-1123932755%26ucat%3D62|title:Produziertes&#8220; button_color_type=&#8220;uncode-palette&#8220; uncode_shortcode_id=&#8220;188318&#8243;]zum Portfolio[\/vc_button][\/vc_column][\/vc_row]<\/p>\n<\/div>","protected":false},"excerpt":{"rendered":"<p>[vc_row row_height_percent=&#8220;0&#8243; override_padding=&#8220;yes&#8220; h_padding=&#8220;2&#8243; top_padding=&#8220;5&#8243; bottom_padding=&#8220;0&#8243; back_color=&#8220;accent&#8220; back_image=&#8220;1418&#8243; overlay_color=&#8220;accent&#8220; overlay_alpha=&#8220;80&#8243; equal_height=&#8220;yes&#8220; gutter_size=&#8220;4&#8243; column_width_percent=&#8220;100&#8243; shift_y=&#8220;0&#8243; z_index=&#8220;0&#8243; enable_top_divider=&#8220;default&#8220; top_divider_inv=&#8220;tilt-opacity&#8220; shape_top_invert=&#8220;yes&#8220; shape_top_h_use_pixel=&#8220;true&#8220; shape_top_height_percent=&#8220;33&#8243; [&hellip;]<\/p>\n","protected":false},"author":2,"featured_media":0,"parent":0,"menu_order":2,"comment_status":"closed","ping_status":"closed","template":"","meta":{"footnotes":""},"class_list":["post-101419","page","type-page","status-publish","hentry"],"_links":{"self":[{"href":"https:\/\/fit-for-design.com\/ffd\/wp-json\/wp\/v2\/pages\/101419","targetHints":{"allow":["GET"]}}],"collection":[{"href":"https:\/\/fit-for-design.com\/ffd\/wp-json\/wp\/v2\/pages"}],"about":[{"href":"https:\/\/fit-for-design.com\/ffd\/wp-json\/wp\/v2\/types\/page"}],"author":[{"embeddable":true,"href":"https:\/\/fit-for-design.com\/ffd\/wp-json\/wp\/v2\/users\/2"}],"replies":[{"embeddable":true,"href":"https:\/\/fit-for-design.com\/ffd\/wp-json\/wp\/v2\/comments?post=101419"}],"version-history":[{"count":44,"href":"https:\/\/fit-for-design.com\/ffd\/wp-json\/wp\/v2\/pages\/101419\/revisions"}],"predecessor-version":[{"id":101537,"href":"https:\/\/fit-for-design.com\/ffd\/wp-json\/wp\/v2\/pages\/101419\/revisions\/101537"}],"wp:attachment":[{"href":"https:\/\/fit-for-design.com\/ffd\/wp-json\/wp\/v2\/media?parent=101419"}],"curies":[{"name":"wp","href":"https:\/\/api.w.org\/{rel}","templated":true}]}}